{"id":2783,"date":"2021-05-14T10:53:32","date_gmt":"2021-05-14T14:53:32","guid":{"rendered":"https:\/\/stage.nuvucameras.com\/privacy-policy\/"},"modified":"2024-04-16T10:13:06","modified_gmt":"2024-04-16T14:13:06","slug":"politiques-confidentialite","status":"publish","type":"page","link":"https:\/\/stage.nuvucameras.com\/fr\/politiques-confidentialite\/","title":{"rendered":"Politiques de confidentialit\u00e9"},"content":{"rendered":"<p><strong>1er Septembre 2023<\/strong><\/p>\n<p><strong>Loi sur la protection des renseignements personnels<\/strong><\/p>\n<p>Nom du responsable : Marie-Eve Ducharme<br \/>\nTitre : PDG<br \/>\nCourriel : <a href='mailto:info@nuvucameras.com'>info@nuvucameras.com<\/a><\/p>\n<p>Nuvu Cameras (\u00ab nous \u00bb, \u00ab notre \u00bb, \u00ab nos \u00bb) exploite le site web <a href='https:\/\/stage.nuvucameras.com\/fr\/'>https:\/\/stage.nuvucameras.com\/fr\/<\/a> (ci-apr\u00e8s d\u00e9sign\u00e9 par le terme \u00ab Service \u00bb). Cette page vous explique nos politiques en mati\u00e8re de collecte, d\u2019utilisation et de communication des donn\u00e9es \u00e0 caract\u00e8re personnel lorsque vous utilisez notre Service ainsi que les choix qui s\u2019offrent \u00e0 vous en ce qui concerne ces donn\u00e9es. Nous utilisons vos donn\u00e9es pour fournir et am\u00e9liorer le Service. En utilisant le Service, vous consentez \u00e0 la collecte et \u00e0 l\u2019utilisation d\u2019informations conform\u00e9ment \u00e0 la pr\u00e9sente politique. Sauf d\u00e9finition contraire dans la pr\u00e9sente Politique de Confidentialit\u00e9, les termes utilis\u00e9s dans la pr\u00e9sente Politique de Confidentialit\u00e9 ont la m\u00eame signification que dans nos Conditions G\u00e9n\u00e9rales qui sont disponibles sur <a href='https:\/\/stage.nuvucameras.com\/fr\/'>https:\/\/stage.nuvucameras.com\/fr\/<\/a>.<\/p>\n<p><strong>D\u00c9FINITIONS<\/strong><br \/>\n<strong>Service<\/strong><br \/>\nPar Service on entend le site web <a href='https:\/\/stage.nuvucameras.com\/fr\/'>https:\/\/stage.nuvucameras.com\/fr\/<\/a> exploit\u00e9 par Nuvu Cameras.<\/p>\n<p><strong>Donn\u00e9es \u00e0 caract\u00e8re personnel<\/strong><br \/>\nDonn\u00e9es \u00e0 Caract\u00e8re Personnel d\u00e9signe des donn\u00e9es concernant un individu vivant qui peut \u00eatre identifi\u00e9 \u00e0 partir de ces donn\u00e9es (ou \u00e0 partir de ces donn\u00e9es et d\u2019autres informations en notre possession ou susceptibles d\u2019entrer en notre possession).<\/p>\n<p><strong>Donn\u00e9es d\u2019Utilisation<\/strong><br \/>\nLes Donn\u00e9es d\u2019Utilisation sont recueillies automatiquement et sont g\u00e9n\u00e9r\u00e9es soit par l\u2019utilisation du Service, soit par l\u2019infrastructure du Service proprement dite (par exemple, dur\u00e9e de consultation d\u2019une page).<\/p>\n<p><strong>Cookies (t\u00e9moins)<\/strong><br \/>\nPour en apprendre davantage, visitez notre <a href=\"\/politique-temoins\/\">Politique en termes de t\u00e9moins.<\/a><\/p>\n<p><strong>COLLECTE ET UTILISATION DES DONN\u00c9ES<\/strong><\/p>\n<p>Nous recueillons plusieurs types de donn\u00e9es \u00e0 diff\u00e9rentes fins en vue de vous fournir notre Service et de l\u2019am\u00e9liorer.<\/p>\n<p>\u200b<strong>Types de donn\u00e9es recueillies<\/strong><br \/>\n<strong>Donn\u00e9es \u00e0 Caract\u00e8re Personnel<\/strong><br \/>\nDonn\u00e9es \u00e0 Caract\u00e8re Personnel d\u00e9signe des donn\u00e9es concernant un individu vivant qui peut \u00eatre identifi\u00e9 \u00e0 partir de ces donn\u00e9es (ou \u00e0 partir de ces donn\u00e9es et d\u2019autres informations en notre possession ou susceptibles d\u2019entrer en notre possession). Lorsque vous utilisez notre Service et\/ou compl\u00e9ter un formulaire de contact\/service, il est possible que nous vous demandions de nous fournir certaines donn\u00e9es personnelles nominatives qui peuvent servir \u00e0 vous contacter ou \u00e0 vous identifier (\u00ab Donn\u00e9es \u00e0 Caract\u00e8re Personnel \u00bb). Les donn\u00e9es personnelles nominatives peuvent comprendre, mais de mani\u00e8re non limitative:<\/p>\n<p><ul>\n<li>Adresse e-mail<\/li>\n<li>Pr\u00e9nom et nom de famille<\/li>\n<li>Num\u00e9ro de t\u00e9l\u00e9phone<\/li>\n<li>Nom d'entreprise<\/li>\n<\/ul>\n<\/p>\n<p><strong>\u200bCommunication de donn\u00e9es<\/strong><br \/>\n<strong>Exigences l\u00e9gales<\/strong><br \/>\nNuvu Cameras peut communiquer vos Donn\u00e9es \u00e0 Caract\u00e8re Personnel si elle estime de bonne foi que cela est n\u00e9cessaire pour:<\/p>\n<ul>\n<li>S\u2019acquitter d\u2019une obligation l\u00e9gale Prot\u00e9ger et d\u00e9fendre les droits ou les biens de Nuvu Cameras<\/li>\n<li>Pr\u00e9venir d\u2019\u00e9ventuels actes r\u00e9pr\u00e9hensibles ou enqu\u00eater sur de tels actes dans le cadre du Service<\/li>\n<li>Assurer la s\u00e9curit\u00e9 personnelle des utilisateurs du Service ou du public<\/li>\n<li>Se prot\u00e9ger contre la responsabilit\u00e9 civile.<\/li>\n<\/ul>\n<p><strong>S\u00e9curit\u00e9 des donn\u00e9es<\/strong><br \/>\nLa s\u00e9curit\u00e9 de vos donn\u00e9es nous tient \u00e0 c\u0153ur. Toutefois, n\u2019oubliez pas qu\u2019aucune m\u00e9thode de transmission de donn\u00e9es par Internet ou m\u00e9thode de stockage \u00e9lectronique n\u2019est s\u00fbre \u00e0 100 %. Bien que nous nous effor\u00e7ons d\u2019utiliser des m\u00e9thodes commercialement acceptables pour prot\u00e9ger vos Donn\u00e9es \u00e0 Caract\u00e8re Personnel, nous ne pouvons pas leur garantir une s\u00e9curit\u00e9 absolue.<\/p>\n<p><strong>Prestataires de services<\/strong><br \/>\nNous pouvons faire appel \u00e0 des soci\u00e9t\u00e9s tierces et \u00e0 des tierces personnes pour faciliter la prestation de notre Service (\u00ab Prestataires de Services \u00bb), assurer le Service en notre nom, assurer des services li\u00e9s au Service ou nous aider \u00e0 analyser la fa\u00e7on dont notre Service est utilis\u00e9. Ces tiers n\u2019ont acc\u00e8s \u00e0 vos Donn\u00e9es \u00e0 Caract\u00e8re Personnel que pour effectuer ces t\u00e2ches en notre nom et il leur est interdit de les communiquer ou de les utiliser \u00e0 quelconque autre fin.<\/p>\n<p><strong>Analyses<\/strong><br \/>\nNous pouvons faire appel \u00e0 des Prestataires de Services tiers pour surveiller et analyser l\u2019utilisation de notre Service.<\/p>\n<p><strong>Google Analytics<\/strong><br \/>\nGoogle Analytics est un service d\u2019analyse web propos\u00e9 par Google qui assure le suivi du trafic d\u2019un site web et en rend compte. Google utilise les donn\u00e9es recueillies pour suivre et surveiller l\u2019utilisation de notre Service. Ces donn\u00e9es sont partag\u00e9es avec d\u2019autres services Google. Google peut utiliser les donn\u00e9es recueillies pour contextualiser et personnaliser les annonces de son propre r\u00e9seau publicitaire. Vous pouvez emp\u00eacher que vos activit\u00e9s dans le cadre du Service ne soient mises \u00e0 la disposition de Google Analytics en installant le plug-in pour navigateur Analytics Opt out browser add-on de Google Analytics. Ce plug-in emp\u00eache le code JavaScript de Google Analytics JavaScript (ga.js, analytics.js et dc.js) de partager les informations concernant les activit\u00e9s li\u00e9es aux visites avec Google Analytics. Pour plus de pr\u00e9cisions sur les pratiques de confidentialit\u00e9 de Google, merci de consulter la page web Protection de la vie priv\u00e9e et conditions de Google.<\/p>\n<p><strong>Remarketing comportemental<\/strong><br \/>\nNuvu Cameras fait appel \u00e0 des services de remarketing pour vous pr\u00e9senter des annonces sur des sites de tiers apr\u00e8s que vous ayez consult\u00e9 notre Service. Nous et nos fournisseurs tiers utilisons des cookies pour fa\u00e7onner, optimiser et diffuser des annonces en fonction de votre fr\u00e9quentation ant\u00e9rieure de notre Service.<\/p>\n<p><strong>Google Ads<\/strong><br \/>\nLe service de remarketing Google Ads est fourni par Google Inc. Vous pouvez refuser Google Analytics for Display Advertising et personnaliser les annonces Google Display Network en vous rendant sur la page Google Ads Settings (param\u00e8tres de Google Ads). Google recommande \u00e9galement d\u2019installer le plug-in Google Analytics Opt-out Browser Add-on dans votre navigateur web. Le plug-in Google Analytics Opt-out Browser Add-on permet aux visiteurs d\u2019emp\u00eacher Google Analytics de recueillir et d\u2019utiliser leur donn\u00e9es. Pour plus de pr\u00e9cisions sur les pratiques de confidentialit\u00e9 de Google, merci de consulter la page web Protection de la vie priv\u00e9e et conditions de Google.<\/p>\n<p><strong>Liens pointant vers d\u2019autres sites<\/strong><br \/>\nIl se peut que notre Service contienne des liens pointant vers d\u2019autres sites que nous n\u2019exploitons pas. Si vous cliquez sur un lien de tiers, vous serez redirig\u00e9 vers le site de ce tiers. Nous vous recommandons vivement d\u2019examiner la politique de confidentialit\u00e9 de chacun des sites que vous consultez. Nous n\u2019avons aucun contr\u00f4le sur le contenu, les politiques ou pratiques de confidentialit\u00e9 des sites ou services de tiers et d\u00e9clinons toute responsabilit\u00e9 en ce qui les concernent.<\/p>\n<p><strong>Vie priv\u00e9e des enfants<\/strong><br \/>\nNotre Service ne s\u2019adresse pas aux personnes de moins de 18 ans (\u00ab Enfants \u00bb). Nous ne recueillons pas sciemment de donn\u00e9es personnelles nominatives aupr\u00e8s de personnes de moins de 18 ans. Si vous \u00eates un parent ou un tuteur et que vous savez que votre Enfant nous a communiqu\u00e9 des Donn\u00e9es \u00e0 Caract\u00e8re Personnel, veuillez nous contacter. Si nous apprenons que nous avons recueilli des Donn\u00e9es \u00e0 Caract\u00e8re Personnel aupr\u00e8s d\u2019enfants sans v\u00e9rifier s\u2019il y a consentement parental, nous faisons le n\u00e9cessaire pour supprimer ces informations de nos serveurs.<\/p>\n<p><strong>Modifications de la pr\u00e9sente Politique de Confidentialit\u00e9<\/strong><br \/>\nNous nous r\u00e9servons le droit d\u2019actualiser notre Politique de Confidentialit\u00e9 de temps \u00e0 autre. Nous vous informerons de toute modification en publiant la nouvelle Politique de Confidentialit\u00e9 sur cette page. Nous actualiserons la \u00ab date de prise d\u2019effet \u00bb qui figure en haut de la pr\u00e9sente Politique de Confidentialit\u00e9. Nous vous conseillons de consulter la pr\u00e9sente Politique de Confidentialit\u00e9 p\u00e9riodiquement pour prendre connaissance de toute modification. Les modifications apport\u00e9es \u00e0 la pr\u00e9sente Politique de Confidentialit\u00e9 prennent effet lorsqu\u2019elles sont publi\u00e9es sur cette page.<\/p>\n<p><strong>Nous contacter<\/strong><br \/>\nPour toute question relative \u00e0 la pr\u00e9sente Politique de Confidentialit\u00e9, veuillez nous contacter : <a href='https:\/\/stage.nuvucameras.com\/fr\/nous-joindre\/'>https:\/\/stage.nuvucameras.com\/fr\/nous-joindre\/<\/a>.<\/p>\n<p>Pour signaler un incident de confidentialit\u00e9, veuillez compl\u00e9ter le formulaire suivant.<\/p>\n<div class='fluentform ff-default fluentform_wrapper_7 ffs_default_wrap'><form data-form_id=\"7\" id=\"fluentform_7\" class=\"frm-fluent-form fluent_form_7 ff-el-form-top ff_form_instance_7_1 ff-form-loading ff_has_v3_recptcha ffs_default\" data-form_instance=\"ff_form_instance_7_1\" method=\"POST\" data-recptcha_key=\"6Lf1FuApAAAAAFk874-IwAUkZNRSM0-Seeq0PWo-\" ><fieldset  style=\"border: none!important;margin: 0!important;padding: 0!important;background-color: transparent!important;box-shadow: none!important;outline: none!important; min-inline-size: 100%;\">\n                    <legend class=\"ff_screen_reader_title\" style=\"display: block; margin: 0!important;padding: 0!important;height: 0!important;text-indent: -999999px;width: 0!important;overflow:hidden;\">Incident de confidentialit\u00e9<\/legend>        <span style=\"display: none !important;\"><input type=\"checkbox\"\n                name=\"item__7__fluent_checkme_\"\n                value=\"1\" style=\"display:none !important;\" tabindex=\"-1\" aria-hidden=\"true\"><\/span>\n        <input type='hidden' name='__fluent_form_embded_post_id' value='2783' \/><input type=\"hidden\" id=\"_fluentform_7_fluentformnonce\" name=\"_fluentform_7_fluentformnonce\" value=\"5b407300e1\" \/><input type=\"hidden\" name=\"_wp_http_referer\" value=\"\/fr\/wp-json\/wp\/v2\/pages\/2783\" \/><div data-type=\"name-element\" data-name=\"names\" class=\" ff-field_container ff-name-field-wrapper\" ><div class='ff-t-container'><div class='ff-t-cell '><div class='ff-el-group  ff-el-form-top'><div class=\"ff-el-input--label ff-el-is-required asterisk-right\"><label for='ff_7_names_first_name_' aria-label=\"Pr\u00e9nom\">Pr\u00e9nom<\/label><\/div><div class='ff-el-input--content'><input type=\"text\" name=\"names[first_name]\" id=\"ff_7_names_first_name_\" class=\"ff-el-form-control\" aria-invalid=\"false\" aria-required=true><\/div><\/div><\/div><div class='ff-t-cell '><div class='ff-el-group  ff-el-form-top'><div class=\"ff-el-input--label ff-el-is-required asterisk-right\"><label for='ff_7_names_last_name_' aria-label=\"Nom\">Nom<\/label><\/div><div class='ff-el-input--content'><input type=\"text\" name=\"names[last_name]\" id=\"ff_7_names_last_name_\" class=\"ff-el-form-control\" aria-invalid=\"false\" aria-required=true><\/div><\/div><\/div><\/div><\/div><div class='ff-el-group'><div class=\"ff-el-input--label ff-el-is-required asterisk-right\"><label for='ff_7_email' aria-label=\"Courriel\">Courriel<\/label><\/div><div class='ff-el-input--content'><input type=\"email\" name=\"email\" id=\"ff_7_email\" class=\"ff-el-form-control\" data-name=\"email\"  aria-invalid=\"false\" aria-required=true><\/div><\/div><div class='ff-el-group'><div class=\"ff-el-input--label ff-el-is-required asterisk-right\"><label for='ff_7_datetime' aria-label=\"Date de l&#039;incident\">Date de l'incident<\/label><\/div><div class='ff-el-input--content'><input data-type-datepicker data-format='d\/m\/Y' type=\"text\" name=\"datetime\" id=\"ff_7_datetime\" class=\"ff-el-form-control ff-el-datepicker\" data-name=\"datetime\"  aria-invalid='false' aria-required=true><\/div><\/div><div class='ff-el-group'><div class=\"ff-el-input--label ff-el-is-required asterisk-right\"><label  aria-label=\"Types de renseignements personnels affect\u00e9s\">Types de renseignements personnels affect\u00e9s<\/label><\/div><div class='ff-el-input--content'><div class='ff-el-form-check ff-el-form-check-'><label class='ff-el-form-check-label' for=checkbox_d939cbdf546155d4570da4ebc98f5b3d><input  type=\"checkbox\" name=\"checkbox[]\" data-name=\"checkbox\" class=\"ff-el-form-check-input ff-el-form-check-checkbox\" value=\"Nom\"  id='checkbox_d939cbdf546155d4570da4ebc98f5b3d' aria-label='Nom' aria-invalid='false' aria-required=true> <span>Nom<\/span><\/label><\/div><div class='ff-el-form-check ff-el-form-check-'><label class='ff-el-form-check-label' for=checkbox_e893360b8cc9398976f58764b72b04f9><input  type=\"checkbox\" name=\"checkbox[]\" data-name=\"checkbox\" class=\"ff-el-form-check-input ff-el-form-check-checkbox\" value=\"Num\u00e9ro de t\u00e9l\u00e9phone\"  id='checkbox_e893360b8cc9398976f58764b72b04f9' aria-label='Num\u00e9ro de t\u00e9l\u00e9phone' aria-invalid='false' aria-required=true> <span>Num\u00e9ro de t\u00e9l\u00e9phone<\/span><\/label><\/div><div class='ff-el-form-check ff-el-form-check-'><label class='ff-el-form-check-label' for=checkbox_9a679ef012f8dea38a77177455b117f2><input  type=\"checkbox\" name=\"checkbox[]\" data-name=\"checkbox\" class=\"ff-el-form-check-input ff-el-form-check-checkbox\" value=\"Adresse courriel\"  id='checkbox_9a679ef012f8dea38a77177455b117f2' aria-label='Adresse courriel' aria-invalid='false' aria-required=true> <span>Adresse courriel<\/span><\/label><\/div><div class='ff-el-form-check ff-el-form-check-'><label class='ff-el-form-check-label' for=checkbox_d3720586ed4d20f2d88094e7c3c1ad6b><input  type=\"checkbox\" name=\"checkbox[]\" data-name=\"checkbox\" class=\"ff-el-form-check-input ff-el-form-check-checkbox\" value=\"Autre\"  id='checkbox_d3720586ed4d20f2d88094e7c3c1ad6b' aria-label='Autre' aria-invalid='false' aria-required=true> <span>Autre<\/span><\/label><\/div><\/div><\/div><div class='ff-el-group'><div class=\"ff-el-input--label ff-el-is-required asterisk-right\"><label  aria-label=\"Type d&#039;incident\">Type d'incident<\/label><\/div><div class='ff-el-input--content'><div class='ff-el-form-check ff-el-form-check-'><label class='ff-el-form-check-label' for=checkbox_1_307625e5bfa4f033bf743e9c1a1ba0f0><input  type=\"checkbox\" name=\"checkbox_1[]\" data-name=\"checkbox_1\" class=\"ff-el-form-check-input ff-el-form-check-checkbox\" value=\"Acc\u00e8s non autoris\u00e9 par un(des) acteur(s) malveillant(s) ou potentiellement malveillant(s)\"  id='checkbox_1_307625e5bfa4f033bf743e9c1a1ba0f0' aria-label='Acc\u00e8s non autoris\u00e9 par un(des) acteur(s) malveillant(s) ou potentiellement malveillant(s)' aria-invalid='false' aria-required=true> <span>Acc\u00e8s non autoris\u00e9 par un(des) acteur(s) malveillant(s) ou potentiellement malveillant(s)<\/span><\/label><\/div><div class='ff-el-form-check ff-el-form-check-'><label class='ff-el-form-check-label' for=checkbox_1_e354c7f83a0c9633809b0c9cea6c9d90><input  type=\"checkbox\" name=\"checkbox_1[]\" data-name=\"checkbox_1\" class=\"ff-el-form-check-input ff-el-form-check-checkbox\" value=\"Divulgation accidentelle (. ex communication mal adress\u00e9e, renseignement accidentellement mal s\u00e9curis\u00e9)\"  id='checkbox_1_e354c7f83a0c9633809b0c9cea6c9d90' aria-label='Divulgation accidentelle (. ex communication mal adress\u00e9e, renseignement accidentellement mal s\u00e9curis\u00e9)' aria-invalid='false' aria-required=true> <span>Divulgation accidentelle (. ex communication mal adress\u00e9e, renseignement accidentellement mal s\u00e9curis\u00e9)<\/span><\/label><\/div><div class='ff-el-form-check ff-el-form-check-'><label class='ff-el-form-check-label' for=checkbox_1_01fd95cadf3d69f2f9afd185640ff446><input  type=\"checkbox\" name=\"checkbox_1[]\" data-name=\"checkbox_1\" class=\"ff-el-form-check-input ff-el-form-check-checkbox\" value=\"Perte de dispositif physiques ou de dossiers papier contenant des renseignements personnels\"  id='checkbox_1_01fd95cadf3d69f2f9afd185640ff446' aria-label='Perte de dispositif physiques ou de dossiers papier contenant des renseignements personnels' aria-invalid='false' aria-required=true> <span>Perte de dispositif physiques ou de dossiers papier contenant des renseignements personnels<\/span><\/label><\/div><div class='ff-el-form-check ff-el-form-check-'><label class='ff-el-form-check-label' for=checkbox_1_3fc3fad01be9f3d97734e7a0bd4e499c><input  type=\"checkbox\" name=\"checkbox_1[]\" data-name=\"checkbox_1\" class=\"ff-el-form-check-input ff-el-form-check-checkbox\" value=\"Vol de dispositifs physiques ou dossiers papier contenant des renseignements personnels\"  id='checkbox_1_3fc3fad01be9f3d97734e7a0bd4e499c' aria-label='Vol de dispositifs physiques ou dossiers papier contenant des renseignements personnels' aria-invalid='false' aria-required=true> <span>Vol de dispositifs physiques ou dossiers papier contenant des renseignements personnels<\/span><\/label><\/div><div class='ff-el-form-check ff-el-form-check-'><label class='ff-el-form-check-label' for=checkbox_1_984cd110ec4fe0168d173acd3ceaff0f><input  type=\"checkbox\" name=\"checkbox_1[]\" data-name=\"checkbox_1\" class=\"ff-el-form-check-input ff-el-form-check-checkbox\" value=\"Autre\"  id='checkbox_1_984cd110ec4fe0168d173acd3ceaff0f' aria-label='Autre' aria-invalid='false' aria-required=true> <span>Autre<\/span><\/label><\/div><\/div><\/div><div class='ff-el-group'><div class=\"ff-el-input--label ff-el-is-required asterisk-right\"><label for='ff_7_description' aria-label=\"Description de toutes les organisations vis\u00e9es par l&#039;atteinte y compris leur r\u00f4le en ce qui a trait aux renseignements personnels en question\">Description de toutes les organisations vis\u00e9es par l'atteinte y compris leur r\u00f4le en ce qui a trait aux renseignements personnels en question<\/label><\/div><div class='ff-el-input--content'><textarea aria-invalid=\"false\" aria-required=true name=\"description\" id=\"ff_7_description\" class=\"ff-el-form-control\" rows=\"3\" cols=\"2\" data-name=\"description\" ><\/textarea><\/div><\/div><div class='ff-el-group'><div class=\"ff-el-input--label ff-el-is-required asterisk-right\"><label for='ff_7_description_1' aria-label=\"Comment et pourquoi l&#039;atteinte a eu lieu?\">Comment et pourquoi l'atteinte a eu lieu?<\/label><\/div><div class='ff-el-input--content'><textarea aria-invalid=\"false\" aria-required=true name=\"description_1\" id=\"ff_7_description_1\" class=\"ff-el-form-control\" rows=\"3\" cols=\"2\" data-name=\"description_1\" ><\/textarea><div class='ff-el-help-message'>Veuillez inclure quelques d\u00e9tails concernant l'atteinte y compris une description de la m\u00e9thode utilis\u00e9e lors de l'attaque si celle-ci s'est produite<\/div><\/div><\/div><div class='ff-el-group ff-el-form-hide_label'><div class=\"ff-el-input--label ff-el-is-required asterisk-right\"><label  aria-label=\"Condition\">Condition<\/label><\/div><div class='ff-el-input--content'><div class='ff-el-form-check ff-el-form-check-'><label class='ff-el-form-check-label' for=checkbox_2_8f734574e12b3d95c1c7c312d5d7b5d0><input  type=\"checkbox\" name=\"checkbox_2[]\" data-name=\"checkbox_2\" class=\"ff-el-form-check-input ff-el-form-check-checkbox\" value=\"* Par la pr\u00e9sente, je consens d\u2019une fa\u00e7on libre et \u00e9clair\u00e9e, \u00e0 ce que tous les renseignements que j\u2019ai communiqu\u00e9s soient consign\u00e9s dans un dossier qui sera cr\u00e9\u00e9 \u00e0 propos de cet incident de confidentialit\u00e9 ou pour tout autre incident similaire. Je suis conscient que le dossier qui sera constitu\u00e9 sur l&#039;incident sera accessible \u00e0 toutes personnes impliqu\u00e9es dans le processus d&#039;enqu\u00eate s&#039;y rattachant.\"  id='checkbox_2_8f734574e12b3d95c1c7c312d5d7b5d0' aria-label='* Par la pr\u00e9sente, je consens d\u2019une fa\u00e7on libre et \u00e9clair\u00e9e, \u00e0 ce que tous les renseignements que j\u2019ai communiqu\u00e9s soient consign\u00e9s dans un dossier qui sera cr\u00e9\u00e9 \u00e0 propos de cet incident de confidentialit\u00e9 ou pour tout autre incident similaire. Je suis conscient que le dossier qui sera constitu\u00e9 sur l&#039;incident sera accessible \u00e0 toutes personnes impliqu\u00e9es dans le processus d&#039;enqu\u00eate s&#039;y rattachant.' aria-invalid='false' aria-required=true> <span>* Par la pr\u00e9sente, je consens d\u2019une fa\u00e7on libre et \u00e9clair\u00e9e, \u00e0 ce que tous les renseignements que j\u2019ai communiqu\u00e9s soient consign\u00e9s dans un dossier qui sera cr\u00e9\u00e9 \u00e0 propos de cet incident de confidentialit\u00e9 ou pour tout autre incident similaire. Je suis conscient que le dossier qui sera constitu\u00e9 sur l'incident sera accessible \u00e0 toutes personnes impliqu\u00e9es dans le processus d'enqu\u00eate s'y rattachant.<\/span><\/label><\/div><\/div><\/div><div class='ff-el-group ff-text-left ff_submit_btn_wrapper'><button type=\"submit\" class=\"ff-btn ff-btn-submit ff-btn-md ff_btn_style\" >Soumettre<\/button><\/div><\/fieldset><\/form><div id='fluentform_7_errors' class='ff-errors-in-stack ff_form_instance_7_1 ff-form-loading_errors ff_form_instance_7_1_errors'><\/div><\/div>        <script type=\"text\/javascript\">\n            window.fluent_form_ff_form_instance_7_1 = {\"id\":\"7\",\"settings\":{\"layout\":{\"labelPlacement\":\"top\",\"helpMessagePlacement\":\"under_input\",\"errorMessagePlacement\":\"inline\"},\"restrictions\":{\"denyEmptySubmission\":{\"enabled\":false}}},\"form_instance\":\"ff_form_instance_7_1\",\"form_id_selector\":\"fluentform_7\",\"rules\":{\"names[first_name]\":{\"required\":{\"value\":true,\"message\":\"Ce champ est requis\",\"global\":true,\"global_message\":\"Ce champ est requis\"}},\"names[middle_name]\":{\"required\":{\"value\":false,\"message\":\"This field is required\",\"global\":false,\"global_message\":\"Ce champ est requis\"}},\"names[last_name]\":{\"required\":{\"value\":true,\"message\":\"Ce champ est requis\",\"global\":true,\"global_message\":\"Ce champ est requis\"}},\"email\":{\"required\":{\"value\":true,\"message\":\"Ce champ est requis\",\"global\":true,\"global_message\":\"Ce champ est requis\"},\"email\":{\"value\":true,\"message\":\"Ce champ doit contenir une adresse courriel valide\",\"global\":true,\"global_message\":\"Ce champ doit contenir une adresse courriel valide\"}},\"datetime\":{\"required\":{\"value\":true,\"message\":\"Ce champ est requis\",\"global\":true,\"global_message\":\"Ce champ est requis\"}},\"checkbox\":{\"required\":{\"value\":true,\"message\":\"Ce champ est requis\",\"global\":true,\"global_message\":\"Ce champ est requis\"}},\"checkbox_1\":{\"required\":{\"value\":true,\"message\":\"Ce champ est requis\",\"global\":true,\"global_message\":\"Ce champ est requis\"}},\"description\":{\"required\":{\"value\":true,\"message\":\"Ce champ est requis\",\"global\":true,\"global_message\":\"Ce champ est requis\"}},\"description_1\":{\"required\":{\"value\":true,\"message\":\"Ce champ est requis\",\"global\":true,\"global_message\":\"Ce champ est requis\"}},\"checkbox_2\":{\"required\":{\"value\":true,\"message\":\"Ce champ est requis\",\"global\":true,\"global_message\":\"Ce champ est requis\"}},\"g-recaptcha-response\":[]}};\n                    <\/script>\n        \n\n","protected":false},"excerpt":{"rendered":"","protected":false},"author":1,"featured_media":0,"parent":0,"menu_order":0,"comment_status":"closed","ping_status":"closed","template":"","meta":{"_acf_changed":false,"_seopress_robots_primary_cat":"","_seopress_titles_title":"","_seopress_titles_desc":"","_seopress_robots_index":"yes","footnotes":""},"class_list":["post-2783","page","type-page","status-publish","hentry"],"acf":[],"_links":{"self":[{"href":"https:\/\/stage.nuvucameras.com\/fr\/wp-json\/wp\/v2\/pages\/2783","targetHints":{"allow":["GET"]}}],"collection":[{"href":"https:\/\/stage.nuvucameras.com\/fr\/wp-json\/wp\/v2\/pages"}],"about":[{"href":"https:\/\/stage.nuvucameras.com\/fr\/wp-json\/wp\/v2\/types\/page"}],"author":[{"embeddable":true,"href":"https:\/\/stage.nuvucameras.com\/fr\/wp-json\/wp\/v2\/users\/1"}],"replies":[{"embeddable":true,"href":"https:\/\/stage.nuvucameras.com\/fr\/wp-json\/wp\/v2\/comments?post=2783"}],"version-history":[{"count":1,"href":"https:\/\/stage.nuvucameras.com\/fr\/wp-json\/wp\/v2\/pages\/2783\/revisions"}],"predecessor-version":[{"id":2784,"href":"https:\/\/stage.nuvucameras.com\/fr\/wp-json\/wp\/v2\/pages\/2783\/revisions\/2784"}],"wp:attachment":[{"href":"https:\/\/stage.nuvucameras.com\/fr\/wp-json\/wp\/v2\/media?parent=2783"}],"curies":[{"name":"wp","href":"https:\/\/api.w.org\/{rel}","templated":true}]}}