{"id":2785,"date":"2021-05-14T10:53:52","date_gmt":"2021-05-14T14:53:52","guid":{"rendered":"https:\/\/stage.nuvucameras.com\/terms-conditions\/"},"modified":"2024-04-16T10:13:36","modified_gmt":"2024-04-16T14:13:36","slug":"termes-conditions","status":"publish","type":"page","link":"https:\/\/stage.nuvucameras.com\/fr\/termes-conditions\/","title":{"rendered":"Termes et conditions"},"content":{"rendered":"<p><strong>10 JUIN 2020<\/strong><\/p>\n<p>Les pr\u00e9sentes conditions g\u00e9n\u00e9rales (\u00abConditions\u00bb, \u00abConditions g\u00e9n\u00e9rales\u00bb) r\u00e9gissent votre relation avec le site Web <a href='https:\/\/stage.nuvucameras.com\/fr\/'>https:\/\/stage.nuvucameras.com\/fr\/<\/a> (le \u00abService\u00bb) exploit\u00e9 par Nuvu Cameras (\u00abnous\u00bb, \u00abnous\u00bb ou \u00abnotre\u00bb). Veuillez lire attentivement les pr\u00e9sentes conditions d\u2019utilisation avant d\u2019utiliser le service. Votre acc\u00e8s et votre utilisation du Service sont bas\u00e9s sur votre acceptation et votre conformit\u00e9 \u00e0 ces Conditions. Ces conditions s\u2019appliquent \u00e0 tous les visiteurs, utilisateurs et autres personnes qui acc\u00e8dent au service ou l\u2019utilisent. En acc\u00e9dant ou en utilisant le service, vous acceptez d\u2019\u00eatre li\u00e9 par les pr\u00e9sentes conditions et acceptez toutes les cons\u00e9quences juridiques. Si vous n\u2019acceptez pas ces conditions, en tout ou en partie, veuillez ne pas utiliser le service<\/p>\n<p><strong>LIENS VERS D\u2019AUTRES SITES WEB<\/strong><\/p>\n<p>Le Service peut contenir des liens vers des sites Web tiers ou des services qui ne sont ni poss\u00e9d\u00e9s ni contr\u00f4l\u00e9s par Nuvu Cameras. Nuvu Cameras n\u2019exerce aucun contr\u00f4le sur le contenu, les politiques de confidentialit\u00e9 ou les pratiques de tout site Web ou service tiers, et n\u2019assume aucune responsabilit\u00e9 \u00e0 leur \u00e9gard. Vous reconnaissez et acceptez en outre que Nuvu Cameras ne saurait \u00eatre tenu responsable, directement ou indirectement, de tout dommage ou perte caus\u00e9 ou pr\u00e9sum\u00e9 avoir \u00e9t\u00e9 caus\u00e9 par ou en relation avec l\u2019utilisation ou la confiance accord\u00e9e \u00e0 un tel contenu, produit ou service disponible sur ou via ces sites ou services. Nous vous conseillons vivement de lire les conditions g\u00e9n\u00e9rales et les politiques de confidentialit\u00e9 de tout site Web ou service tiers que vous visitez.<\/p>\n<p><strong>LOI APPLICABLE<\/strong><\/p>\n<p>Les pr\u00e9sents Termes et Conditions ainsi que votre utilisation du site Web sont r\u00e9gies par les lois applicables dans la province du Qu\u00e9bec, en excluant les dispositions touchant les conflits de lois, ainsi que par les lois du Canada applicables dans cette province. Les parties aux pr\u00e9sentes reconnaissent sans r\u00e9serve ni condition la juridiction des tribunaux du district de Montr\u00e9al, Qu\u00e9bec, Canada, et de toutes les instances habilit\u00e9es \u00e0 entendre un appel de tels tribunaux. La Convention des Nations Unies sur les contrats de vente internationale de marchandises ne pourra s\u2019appliquer.<\/p>\n<p><strong>MODIFICATIONS<\/strong><\/p>\n<p>Nous nous r\u00e9servons le droit, \u00e0 notre seule discr\u00e9tion, de modifier ou de remplacer les pr\u00e9sentes conditions \u00e0 tout moment. Si une r\u00e9vision est importante, nous ferons des efforts raisonnables pour donner un pr\u00e9avis d\u2019au moins 30 jours avant l\u2019entr\u00e9e en vigueur de nouvelles conditions. Ce qui constitue un changement important sera d\u00e9termin\u00e9 \u00e0 notre seule discr\u00e9tion. En continuant d\u2019acc\u00e9der \u00e0 ou d\u2019utiliser notre service apr\u00e8s l\u2019entr\u00e9e en vigueur de ces r\u00e9visions, vous acceptez d\u2019\u00eatre li\u00e9 par les conditions r\u00e9vis\u00e9es. Si vous n\u2019acceptez pas les nouvelles conditions, en tout ou en partie, veuillez cesser d\u2019utiliser le site Web et le service.<\/p>\n<p><strong>CONTACTEZ-NOUS<\/strong><\/p>\n<p>Si vous avez des questions concernant ces conditions, veuillez nous contacter : <a href='https:\/\/stage.nuvucameras.com\/fr\/nous-joindre\/'>https:\/\/stage.nuvucameras.com\/fr\/nous-joindre\/<\/a>.<\/p>\n\n","protected":false},"excerpt":{"rendered":"","protected":false},"author":1,"featured_media":0,"parent":0,"menu_order":0,"comment_status":"closed","ping_status":"closed","template":"","meta":{"_acf_changed":false,"_seopress_robots_primary_cat":"","_seopress_titles_title":"","_seopress_titles_desc":"","_seopress_robots_index":"yes","footnotes":""},"class_list":["post-2785","page","type-page","status-publish","hentry"],"acf":[],"_links":{"self":[{"href":"https:\/\/stage.nuvucameras.com\/fr\/wp-json\/wp\/v2\/pages\/2785","targetHints":{"allow":["GET"]}}],"collection":[{"href":"https:\/\/stage.nuvucameras.com\/fr\/wp-json\/wp\/v2\/pages"}],"about":[{"href":"https:\/\/stage.nuvucameras.com\/fr\/wp-json\/wp\/v2\/types\/page"}],"author":[{"embeddable":true,"href":"https:\/\/stage.nuvucameras.com\/fr\/wp-json\/wp\/v2\/users\/1"}],"replies":[{"embeddable":true,"href":"https:\/\/stage.nuvucameras.com\/fr\/wp-json\/wp\/v2\/comments?post=2785"}],"version-history":[{"count":1,"href":"https:\/\/stage.nuvucameras.com\/fr\/wp-json\/wp\/v2\/pages\/2785\/revisions"}],"predecessor-version":[{"id":2786,"href":"https:\/\/stage.nuvucameras.com\/fr\/wp-json\/wp\/v2\/pages\/2785\/revisions\/2786"}],"wp:attachment":[{"href":"https:\/\/stage.nuvucameras.com\/fr\/wp-json\/wp\/v2\/media?parent=2785"}],"curies":[{"name":"wp","href":"https:\/\/api.w.org\/{rel}","templated":true}]}}