{"id":2792,"date":"2023-09-14T14:32:14","date_gmt":"2023-09-14T18:32:14","guid":{"rendered":"https:\/\/stage.nuvucameras.com\/cookie-policy\/"},"modified":"2024-05-21T11:28:58","modified_gmt":"2024-05-21T15:28:58","slug":"politique-temoins","status":"publish","type":"page","link":"https:\/\/stage.nuvucameras.com\/fr\/politique-temoins\/","title":{"rendered":"Politique de t\u00e9moins"},"content":{"rendered":"<p>La pr\u00e9sente politique en mati\u00e8re de t\u00e9moins est destin\u00e9e \u00e0 fournir aux visiteurs de notre site Web des informations sur les technologies utilis\u00e9es et sur la fa\u00e7on dont ils peuvent g\u00e9rer les t\u00e9moins de mani\u00e8re \u00e9clair\u00e9e.<\/p>\n<p><b>Qu'est-ce qu'un t\u00e9moin (\u00ab cookie \u00bb)?<\/b><\/p>\n<p>Chaque fois que vous visitez notre site Web, nous pla\u00e7ons des t\u00e9moins sur votre appareil pour diff\u00e9rentes raisons. Un t\u00e9moin, aussi parfois appel\u00e9 \u00ab cookie \u00bb, est un petit fichier texte qui est t\u00e9l\u00e9charg\u00e9 et stock\u00e9 sur votre ordinateur, appareil mobile ou appareil similaire et qui contient des informations sur votre navigation sur le site Web. Les t\u00e9moins peuvent notamment \u00eatre utilis\u00e9s pour suivre les pages que vous visitez sur le site Web ainsi qu'enregistrer les informations que vous avez saisies ou vos pr\u00e9f\u00e9rences m\u00e9moris\u00e9es, telles que les param\u00e8tres de langue.<\/p>\n<p><b>Pourquoi les utilisons-nous?<\/b><\/p>\n<p>Nous utilisons des t\u00e9moins pour vous offrir toutes les fonctionnalit\u00e9s du site Web, personnaliser votre exp\u00e9rience utilisateur, effectuer des analyses et am\u00e9liorer nos services. Les t\u00e9moins sont \u00e9galement utilis\u00e9s pour diffuser des publicit\u00e9s personnalis\u00e9es sur nos sites Web, applications et cyberlettres sur Internet et par l'entremise des plateformes de m\u00e9dias sociaux, afin d\u2019obtenir des informations concernant, par exemple, le nombre de personnes qui cliquent sur l'une de nos publicit\u00e9s diffus\u00e9es sur les r\u00e9seaux sociaux pour visiter une page de notre site Web. Les informations sont utilis\u00e9es pour mesurer et optimiser la publicit\u00e9 dans les m\u00e9dias sociaux.<\/p>\n<p><b>Qui est responsable du placement des t\u00e9moins sur notre site Web?<\/b><\/p>\n<p>Tous les t\u00e9moins ont un \u00e9diteur qui vous indique \u00e0 qui ils appartiennent. Certains sont plac\u00e9s sur les sites Web par nos soins et sont alors appel\u00e9s \u00ab t\u00e9moins propres \u00bb, tandis que d'autres sont plac\u00e9s par une autre organisation avec notre autorisation et sont appel\u00e9s \u00ab t\u00e9moins tiers \u00bb.<\/p>\n<p><b>Combien de temps les t\u00e9moins sont-ils stock\u00e9s?<\/b><\/p>\n<p>Les dur\u00e9es de conservation sont variables sur votre navigateur ou votre appareil. Les t\u00e9moins temporaires, appel\u00e9s t\u00e9moins de session, sont stock\u00e9s dans votre appareil jusqu'\u00e0 ce que vous fermiez votre navigateur. Les t\u00e9moins permanents ont une date d'expiration et lorsque cette date est pass\u00e9e, le t\u00e9moin est supprim\u00e9 lorsque vous revenez sur le site Web qui l'a cr\u00e9\u00e9.<\/p>\n<p><b>Quels types de t\u00e9moins utilisons-nous?<\/b><\/p>\n<p>Nous utilisons quatre cat\u00e9gories de t\u00e9moins, soit les t\u00e9moins strictement n\u00e9cessaires, les t\u00e9moins de statistiques, les t\u00e9moins de pr\u00e9f\u00e9rences et les t\u00e9moins marketing. Seules les trois derni\u00e8res cat\u00e9gories mentionn\u00e9es exigent le consentement de l'utilisateur. En effet, dans le cas des t\u00e9moins strictement n\u00e9cessaires, aucun consentement n'est requis, car ces derniers permettent l'affichage complet et continu du contenu du site Web, ce qui vous permet d'acc\u00e9der au site Web et de profiter d'une exp\u00e9rience de navigation en ligne convenable.<\/p>\n<p>Comment puis-je g\u00e9rer mes pr\u00e9f\u00e9rences de consentement dans les \u00ab Autorisations personnalis\u00e9es \u00bb?<\/p>\n<p>Vos pr\u00e9f\u00e9rences de consentement en mati\u00e8re de t\u00e9moins peuvent \u00eatre g\u00e9r\u00e9es en cliquant sur le bouton \u00ab D\u00e9finir des autorisations personnalis\u00e9es \u00bb de la fen\u00eatre modale. Vous pouvez accepter les trois cat\u00e9gories de t\u00e9moins ou une seule d'entre elles si vous le souhaitez. En acceptant une cat\u00e9gorie de t\u00e9moins, vous acceptez tous les t\u00e9moins de cette cat\u00e9gorie (voir la liste d\u00e9taill\u00e9e des t\u00e9moins ci-dessous). Vous pouvez modifier vos pr\u00e9f\u00e9rences et refuser les t\u00e9moins \u00e0 tout moment dans les Param\u00e8tres des t\u00e9moins. Vous trouverez ci-dessous des informations plus d\u00e9taill\u00e9es sur nos cat\u00e9gories de t\u00e9moins ainsi qu'une liste de tous les t\u00e9moins utilis\u00e9s dans cette cat\u00e9gorie.<\/p>\n<p><b>- T\u00e9moins strictement n\u00e9cessaires.<\/b> Il s'agit de t\u00e9moins n\u00e9cessaires au fonctionnement de notre site web. Ils comprennent, par exemple, les t\u00e9moins qui permettent aux visiteurs du site web de se connecter \u00e0 des zones s\u00e9curis\u00e9es de notre site web, d'utiliser un panier d'achat ou de recourir \u00e0 des services de facturation en ligne.<\/p>\n<p>-wp-wpml_current_language Expiration: Session Description: This cookie is used to track the language preference fo the user<\/p>\n<p>-ASP.NET_SessionId Expiration: Session Description: (i) Remembers the selections and data you have entered into one of our online forms so when progressing through the form you won\u2019t be required to re-enter information you have already given<\/p>\n<p>(ii) Enables the parts of the form which have been completed to be redisplayed if the page is reloaded after pressing \u2018submit\u2019, for example if the form is incomplete or the information given is the wrong format.<\/p>\n<p>-___RequestVerificationToken_<br \/>\nExpiration: Session Description: This is an anti-forgery token designed to stop unauthorised posting of content to a website.<\/p>\n<p>-_OpenIdConnect_<br \/>\nExpiration: 1 hours Description: Cryptographic nonce to prevent a replay attack while performing an OpenID Connect authentication<\/p>\n<p>-_li_gc_<br \/>\nExpiration: 180 days Description: Used to store guest consent to the use of cookies for non-essential purposes<\/p>\n<p>-_PHPSESSID_<br \/>\nExpiration: Session Description: enables websites to store serialised state data<\/p>\n<p>-_MACHINE_LAST_SEEN_<br \/>\nExpiration: 300 days Description: Used to store the last login date of the end user or the specific machine.<\/p>\n<p>-_JSESSIONID_<br \/>\nExpiration: Session Description: General purpose platform session cookie, used by sites written in JSP. Used to maintain an anonymous user session by the server.<\/p>\n<p>-___cf_bm_<br \/>\nExpiration: 1 hours Description: Cookie set by Cloudflare to support Cloudflare Bot Management. This cookie helps manage incoming traffic that matches criteria associated with bots.<\/p>\n<p>-_cf_clearance_<br \/>\nExpiration: 365 days Description: Load-balancing cookie<\/p>\n<p>-_SRM_B_<br \/>\nExpiration: 390 days Description: Collected user data is specifically adapted to the user or device. The usercan also be followed outside of the loaded website, creating a picture of the visitor's behavior.<\/p>\n<p>-_cfid_<br \/>\nExpiration: 400 days Description: This cookie is used in context with the \"\"Cftoken\"\" cookie. The cookie stores a specific ID for the visitor and the visitor's device and browser.<\/p>\n<p>-_cftoken_<br \/>\nExpiration: 400 days Description: This cookie is used to determine which type of device the visitor is using, so the website can be properly formatted - This information is stored in the \"\"CFID\"\" cookie.<\/p>\n<p>-_CFID_<br \/>\nExpiration: Session Description: This cookie is used in context with the \"\"Cftoken\"\" cookie. The cookie stores a specific ID for the visitor and the visitor's device and browser.<\/p>\n<p>-_CFTOKEN_<br \/>\nExpiration: Session Description: This cookie is used to determine which type of device the visitor is using, so the website can be properly formatted - This information is stored in the \"\"CFID\"\" cookie.<\/p>\n<p>-___cfruid_<br \/>\nExpiration: Session Description: strictly necessary to support Cloudflare Rate Limiting products<\/p>\n<p>-_osano_consentmanager_tattles-iframe_<br \/>\nExpiration: Session Description: Your privacy guardian, helping us track and manage your consent preferences for cookies and data collection, ensuring your information is handled in accordance with your choices.<\/p>\n<p>-_osano_consentmanager_tattles-script_<br \/>\nExpiration: Session Description: Your consent manager's sidekick, working behind the scenes to ensure your consent preferences for cookies and data collection are respected and implemented across our website.<\/p>\n<p>-_osano_consentmanager_tattles-cookie_<br \/>\nExpiration: Session Description: Your consent preferences keeper, storing your choices for cookies and data collection, ensuring that our website respects your privacy and handles your information according to your wishes.<\/p>\n<p>-_illow-consent_<br \/>\nExpiration: Session Description: This cookie is used to keep track of a given consent in the platform<\/p>\n<p><b>- T\u00e9moins de statistiques.<\/b> Ils nous permettent de reconna\u00eetre et de compter le nombre de visiteurs et de voir comment les visiteurs se d\u00e9placent sur notre site web lorsqu'ils l'utilisent. Cela nous aide \u00e0 am\u00e9liorer le fonctionnement de notre site web, par exemple en veillant \u00e0 ce que les utilisateurs trouvent facilement ce qu'ils cherchent.<\/p>\n<p>-SRUDByvLjA_TKc Expiration: 1 days<\/p>\n<p>-PdN-tQo_wqRjAkLH Expiration: 1 days<\/p>\n<p>-visid_incap_ Expiration: 364 days<\/p>\n<p>-incap_ses_ Expiration: Session<\/p>\n<p>-visid_incap_2201896 Expiration: 364 days<\/p>\n<p>-incap_ses_473_2201896 Expiration: Session<\/p>\n<p>-Silverpop_cookie Expiration: Session Description: Tracks your journey through the site<\/p>\n<p>-___utmvc Expiration: Session Description: The ___utmvc cookie is set by Google Analytics to gather data on the user's site usage. This data is then used to compile reports and improve the site.<\/p>\n<p>-GSP Expiration: 400 days<\/p>\n<p>-_ga Expiration: 400 days Description: Store and count pageviews.<\/p>\n<p>-ga Expiration: 400 days Description: Store and count pageviews.<\/p>\n<p>-feathr_session_id Expiration: 1 hours Description: A 24 character hexadecimal text value stored for relating a set of web activity with a web session.<\/p>\n<p>-TLTSID Expiration: Session Description: Is a temporary cookie, active only for the length of a browser session, used to group hits into a session<\/p>\n<p>-TLTDID Expiration: 365 days Description: The TLTDID is a cookie used to identify a visitor's device uniquely<\/p>\n<p>-f_id Expiration: 365 days Description: A 24 character hexadecimal text value stored for the purpose of browser identification across sessions.<\/p>\n<p>-AnalyticsSyncHistory Expiration: 30 days Description: Used to store information about the time a sync with the lms_analytics cookie took place for users in the Designated Countries<\/p>\n<p>-ARRAffinitySameSite Expiration: Session Description: This cookie is set by websites run on the Windows Azure cloud platform. It is used for load balancing to make sure the visitor page requests are routed to the same server in any browsing session.<\/p>\n<p>-__uzma Expiration: 182 days Description: These cookies allow us to count visits and traffic sources so we can measure and improve the performance of our site.<\/p>\n<p>-__uzmb Expiration: 182 days Description: These cookies allow us to count visits and traffic sources so we can measure and improve the performance of our site.<\/p>\n<p>-__uzmf Expiration: 182 days<\/p>\n<p>-uzmx Expiration: 182 days<\/p>\n<p>-__ssds Expiration: 180 days Description: This cookie is used to distinguish between humans and bots. This is beneficial for the website, in order to make valid reports on the use of their website.<\/p>\n<p>-__ssuzjsr2 Expiration: 180 days Description: This cookie is used to distinguish between humans and bots. This is beneficial for the website, in order to make valid reports on the use of their website.<\/p>\n<p>-__uzmaj2 Expiration: 180 days Description: This cookie is used to distinguish between humans and bots. This is beneficial for the website, in order to make valid reports on the use of their website.<\/p>\n<p>-__uzmbj2 Expiration: 180 days Description: This cookie is used to distinguish between humans and bots. This is beneficial for the website, in order to make valid reports on the use of their website.<\/p>\n<p>-__uzmcj2 Expiration: 180 days Description: This cookie is used to distinguish between humans and bots. This is beneficial for the website, in order to make valid reports on the use of their website.<\/p>\n<p>-__uzmdj2 Expiration: 180 days Description: This cookie is used to distinguish between humans and bots. This is beneficial for the website, in order to make valid reports on the use of their website.<\/p>\n<p>-cbfm294c9 Expiration: 0 hours<\/p>\n<p>-cbft294c9 Expiration: 0 hours<\/p>\n<p>-cbfcl294c9 Expiration: 0 hours<\/p>\n<p>-MAID Expiration: 300 days<\/p>\n<p>-iam Expiration: Session<\/p>\n<p>-lit_osano Expiration: 365 days<\/p>\n<p>-CLID Expiration: 365 days Description: The cookie is set by embedded Microsoft Clarity scripts. The purpose of this cookie is for heatmap and session recording.<\/p>\n<p>-SM Expiration: Session Description: This is a Microsoft cookie which we use to measure the use of the website for internal analytics<\/p>\n<p>-_clsk Expiration: 1 days Description: store and combine pageviews by a user into a single session recording.<\/p>\n<p>-lastRskxRun Expiration: 400 days Description: Analytical cookies that support the personalization of site content. Cookies also used to speed up the loading of pages.<\/p>\n<p>-rskxRunCookie Expiration: 400 days Description: Analytics cookies used to keep tracking user behavior<\/p>\n<p>-rCookie Expiration: 400 days Description: Analytics cookies used to keep tracking user behavior<\/p>\n<p>-visitorId Expiration: 400 days Description: This cookie is used by ZoomInfo to identify a user.<\/p>\n<p>-AMCVS_ Expiration: Session Description: This cookie only stores the value \"\"1\"\" for the active session. This indicates that a session is active. Other solutions in the experience cloud may require this information.<\/p>\n<p>-s_ecid Expiration: 400 days Description: Stores the Experience Cloud ID (ECID) or MID. Set by HTTP response.<\/p>\n<p>-s_pers Expiration: 400 days Description: Adobe Analytics uses cookies to differentiate requests from different browsers and to store helpful information that an application can use later.<\/p>\n<p>-s_sess Expiration: Session Description: Adobe Analytics uses cookies to differentiate requests from different browsers and to store helpful information that an application can use later.<\/p>\n<p>-AMCV_ Expiration: 400 days Description: This cookie only stores the value \"\"1\"\" for the active session. This indicates that a session is active. Other solutions in the experience cloud may require this information.<\/p>\n<p>-acw Expiration: Session<\/p>\n<p>-MIAMISESSION Expiration: Session<\/p>\n<p>-id_ab Expiration: 400 days<\/p>\n<p>-__cflb Expiration: 23 hours Description: allows Cloudflare to return an end user to the same customer origin for a specific period of time configured by the customer.<\/p>\n<p>-OptanonConsent Expiration: 365 days Description: These specific cookies remember your consent preferences in relation to how different sites can use or store data on your device.<\/p>\n<p>-idp_session Expiration: Session<\/p>\n<p>-idp_session_http Expiration: Session<\/p>\n<p>-idp_marker Expiration: 400 days<\/p>\n<p>-user.uuid.v2 Expiration: 92 days<\/p>\n<p>-sncc Expiration: 365 days<\/p>\n<p>-CONTENT_USAGE_SESSIONID Expiration: Session<\/p>\n<p>-sncc_tc_8 Expiration: 365 days<\/p>\n<p>-pm-csrf Expiration: 364 days<\/p>\n<p>-pm-sessionid Expiration: 8 hours<\/p>\n<p>-ncbi_sid Expiration: 365 days<\/p>\n<p>-ncbi_pinger Expiration: Session<\/p>\n<p>-_gid Expiration: 1 days Description: registers a unique ID that is used to generate statistical data on how the visitor uses the website<\/p>\n<p>-_gat_dap Expiration: 0 hours<\/p>\n<p>-_gat_GSA_ENOR0 Expiration: Session<\/p>\n<p>-SITEID Expiration: 31 days<\/p>\n<p>-AWSELB Expiration: Session Description: Load balancing<\/p>\n<p>-_ots Expiration: 1 hours Description: analyze the use of the website<\/p>\n<p>-_otui Expiration: 400 days Description: analyze the use of the website<\/p>\n<p>-_otpe Expiration: 1 hours Description: analyze the use of the website<\/p>\n<p>-cbfmd1b28 Expiration: 1 hours<\/p>\n<p>-cbftd1b28 Expiration: 1 hours<\/p>\n<p>-cbfcld1b28 Expiration: 1 hours<\/p>\n<p>-cbfm032e0 Expiration: 1 hours<\/p>\n<p>-cbft032e0 Expiration: 1 hours<\/p>\n<p>-cbfcl032e0 Expiration: 1 hours<\/p>\n<p>-firstpopup Expiration: Session<\/p>\n<p>-com.adobe.reactor.core.visitorTracking.cookiesMigrated Expiration: Session<\/p>\n<p>-com.adobe.reactor.core.visitorTracking.sessionCount Expiration: Session<\/p>\n<p>-com.adobe.reactor.core.visitorTracking.pagesViewed Expiration: Session<\/p>\n<p>-_uetsid_exp Expiration: Session Description: It could be an experimental version of _uetsid with additional tracking capabilities, potentially collecting more user data.<\/p>\n<p>-_uetvid_exp Expiration: Session Description: It could be an experimental version of _uetvid with additional tracking capabilities, potentially collecting more user data.<\/p>\n<p>-ARTICLE_FULL_ISSUE Expiration: Session<\/p>\n<p>-ARTICLE_DDM Expiration: Session<\/p>\n<p>-_pendo_visitorId Expiration: Session Description: Identify and record the visitor information for use in analytics and guide delivery.<\/p>\n<p>-_pendo_accountId Expiration: Session Description: Identify and record the visitor information for use in analytics and guide delivery.<\/p>\n<p>-_pendo_guides_blocked Expiration: Session Description: Identify and record the visitor information for use in analytics and guide delivery.<\/p>\n<p>-_pendo_meta Expiration: Session Description: Identify and record the visitor information for use in analytics and guide delivery.<\/p>\n<p><b>- T\u00e9moins de pr\u00e9f\u00e9rences.<\/b> Ils sont utilis\u00e9s pour reconna\u00eetre les utilisateurs lorsqu'ils reviennent sur notre site web. Cela nous permet de personnaliser notre contenu et de nous souvenir de leurs pr\u00e9f\u00e9rences (par exemple, leur choix de langue ou de r\u00e9gion).<\/p>\n<p>-_gcl_au Expiration: 90 days Description: Used by Google AdSense for experimenting with advertisement efficiency across websites using their services.<\/p>\n<p>-bcookie Expiration: 365 days Description: Used by LinkedIn to track the use of embedded services.<\/p>\n<p>-lidc Expiration: 1 days Description: Used by the social networking service, LinkedIn, for tracking the use of embedded services.<\/p>\n<p>-UserMatchHistory Expiration: 30 days Description: These cookies are set by LinkedIn for advertising purposes, including: tracking visitors so that more relevant ads can be presented, allowing users to use the 'Apply with LinkedIn' or the 'Sign-in with LinkedIn' functions, collecting information about how visitors use the site, etc.<\/p>\n<p>-bscookie Expiration: 365 days Description: Used by LinkedIn to track the use of embedded services.<\/p>\n<p>-__uzme Expiration: 182 days Description: These cookies may be set through our site by our advertising partners.<\/p>\n<p>-__uzmc Expiration: 182 days Description: These cookies may be set through our site by our advertising partners.<\/p>\n<p>-__uzmd Expiration: 182 days Description: These cookies may be set through our site by our advertising partners.<\/p>\n<p>-demdex Expiration: 180 days Description: Unique value with which Audience Manager can identify a user. Used, among others, for identification, segmentation, modeling and reporting purposes.<\/p>\n<p>-_uetsid Expiration: 1 days Description: store and track visits across websites.<\/p>\n<p>-_uetvid Expiration: 390 days Description: Store and track visits across websites.<\/p>\n<p>-MUID Expiration: 390 days Description: Identifies unique web browsers visiting Microsoft sites. These cookies are used for advertising, site analytics, and other operational purposes.<\/p>\n<p>-_clck Expiration: 365 days Description: Store a unique user ID.<\/p>\n<p>-MR Expiration: 7 days Description: Used to collect information for analytics purposes.<\/p>\n<p>-ANONCHK Expiration: 1 hours Description: Used to store session ID for a users session to ensure that clicks from adverts on the Bing search engine are verified for reporting purposes and for personalisation<\/p>\n<p>-everest_g_v2 Expiration: 365 days Description: Created after a user initially clicks a client's ad, and used to map the current and subsequent clicks with other events on the client's website<\/p>\n<p>-dpm Expiration: 180 days Description: with unknown functionality<\/p>\n<p>-EUID Expiration: 184 days<\/p>\n<p>-sd_session_id Expiration: Session Description: Registers data on visitors from multiple visits and on multiple websites.<\/p>\n<p><b>- T\u00e9moins de marketing.<\/b> Ces t\u00e9moins enregistrent les visites des utilisateurs sur notre site web, les pages qu'ils ont visit\u00e9es et les liens qu'ils ont suivis. Nous utiliserons ces informations pour rendre notre site web et la publicit\u00e9 qui y est affich\u00e9e plus pertinents par rapport aux int\u00e9r\u00eats de nos visiteurs.<\/p>\n<p>Si vous pr\u00e9f\u00e9rez ne pas utiliser de t\u00e9moins sur votre appareil, vous pouvez d\u00e9sactiver chaque cat\u00e9gorie de t\u00e9moins en les cochant dans les \u00ab Autorisations personnalis\u00e9es \u00bb. Veuillez noter que ces modifications ou choix peuvent avoir des cons\u00e9quences sur les fonctionnalit\u00e9s du site Web et que vous ne pourrez peut-\u00eatre pas profiter d'offres ou de publicit\u00e9s personnalis\u00e9es.<\/p>\n<p>Outre le retrait de votre consentement, vous pouvez facilement emp\u00eacher votre navigateur d'accepter les t\u00e9moins en configurant les param\u00e8tres de votre navigateur relatifs aux t\u00e9moins. Tous les navigateurs Web commerciaux sont dot\u00e9s d'une fonctionnalit\u00e9 de gestion des t\u00e9moins. Veuillez v\u00e9rifier dans votre navigateur Web comment supprimer ou d\u00e9sactiver les t\u00e9moins, etc.<\/p>\n<p>Si vous choisissez \u00ab Accepter tout \u00bb, vous consentez \u00e0 toutes les cat\u00e9gories de t\u00e9moins et acceptez que nous communiquions vos informations \u00e0 des tiers, notamment nos partenaires publicitaires. Si vous choisissez \u00ab Uniquement les t\u00e9moins n\u00e9cessaires \u00bb, aucun autre t\u00e9moin ne sera plac\u00e9 sur votre appareil. Vous pouvez en tout temps d\u00e9sactiver les t\u00e9moins qui ne sont pas class\u00e9s comme strictement n\u00e9cessaires au fonctionnement du site en retirant votre consentement.<\/p>\n<p><b>Des questions?<\/b><\/p>\n<p>Si vous avez des questions sur le traitement des donn\u00e9es personnelles, nous vous invitons \u00e0 prendre connaissance de notre <a href=\"https:\/\/stage.nuvucameras.com\/fr\/politiques-confidentialite\/\">Politique de confidentialit\u00e9<\/a>, o\u00f9 vous trouverez \u00e9galement nos coordonn\u00e9es.<\/p>\n","protected":false},"excerpt":{"rendered":"<p>La pr\u00e9sente politique en mati\u00e8re de t\u00e9moins est destin\u00e9e \u00e0 fournir aux visiteurs de notre site Web des informations sur les technologies utilis\u00e9es et sur la fa\u00e7on dont ils peuvent g\u00e9rer les t\u00e9moins de mani\u00e8re \u00e9clair\u00e9e. Qu'est-ce qu'un t\u00e9moin (\u00ab cookie \u00bb)? Chaque fois que vous visitez notre site Web, nous pla\u00e7ons des t\u00e9moins sur [&hellip;]<\/p>\n","protected":false},"author":1,"featured_media":0,"parent":0,"menu_order":0,"comment_status":"closed","ping_status":"closed","template":"","meta":{"_acf_changed":false,"_seopress_robots_primary_cat":"","_seopress_titles_title":"","_seopress_titles_desc":"","_seopress_robots_index":"yes","footnotes":""},"class_list":["post-2792","page","type-page","status-publish","hentry"],"acf":[],"_links":{"self":[{"href":"https:\/\/stage.nuvucameras.com\/fr\/wp-json\/wp\/v2\/pages\/2792","targetHints":{"allow":["GET"]}}],"collection":[{"href":"https:\/\/stage.nuvucameras.com\/fr\/wp-json\/wp\/v2\/pages"}],"about":[{"href":"https:\/\/stage.nuvucameras.com\/fr\/wp-json\/wp\/v2\/types\/page"}],"author":[{"embeddable":true,"href":"https:\/\/stage.nuvucameras.com\/fr\/wp-json\/wp\/v2\/users\/1"}],"replies":[{"embeddable":true,"href":"https:\/\/stage.nuvucameras.com\/fr\/wp-json\/wp\/v2\/comments?post=2792"}],"version-history":[{"count":2,"href":"https:\/\/stage.nuvucameras.com\/fr\/wp-json\/wp\/v2\/pages\/2792\/revisions"}],"predecessor-version":[{"id":3772,"href":"https:\/\/stage.nuvucameras.com\/fr\/wp-json\/wp\/v2\/pages\/2792\/revisions\/3772"}],"wp:attachment":[{"href":"https:\/\/stage.nuvucameras.com\/fr\/wp-json\/wp\/v2\/media?parent=2792"}],"curies":[{"name":"wp","href":"https:\/\/api.w.org\/{rel}","templated":true}]}}