{"id":2804,"date":"2024-01-18T11:26:22","date_gmt":"2024-01-18T15:26:22","guid":{"rendered":"https:\/\/stage.nuvucameras.com\/about\/"},"modified":"2024-06-17T10:55:29","modified_gmt":"2024-06-17T14:55:29","slug":"a-propos-de-nous","status":"publish","type":"page","link":"https:\/\/stage.nuvucameras.com\/fr\/a-propos-de-nous\/","title":{"rendered":"\u00c0 propos de nous"},"content":{"rendered":"","protected":false},"excerpt":{"rendered":"","protected":false},"author":1,"featured_media":0,"parent":0,"menu_order":0,"comment_status":"closed","ping_status":"closed","template":"","meta":{"_acf_changed":false,"_seopress_robots_primary_cat":"","_seopress_titles_title":"\u00c0 propos de nous | N\u00fcv\u00fc Cam\u0113ras","_seopress_titles_desc":"Fond\u00e9 en 2010, Nuuvu Cam\u00e9ras d\u00e9veloppe des cam\u00e9ras ultrasensibles de type C\u2063C\u2063D\u2063 et E\u2063M\u2063C\u2063C\u2063D. D\u00e9couvrez l'histoire derri\u00e8re sa cr\u00e9ation!","_seopress_robots_index":"","footnotes":""},"class_list":["post-2804","page","type-page","status-publish","hentry"],"acf":[],"_links":{"self":[{"href":"https:\/\/stage.nuvucameras.com\/fr\/wp-json\/wp\/v2\/pages\/2804","targetHints":{"allow":["GET"]}}],"collection":[{"href":"https:\/\/stage.nuvucameras.com\/fr\/wp-json\/wp\/v2\/pages"}],"about":[{"href":"https:\/\/stage.nuvucameras.com\/fr\/wp-json\/wp\/v2\/types\/page"}],"author":[{"embeddable":true,"href":"https:\/\/stage.nuvucameras.com\/fr\/wp-json\/wp\/v2\/users\/1"}],"replies":[{"embeddable":true,"href":"https:\/\/stage.nuvucameras.com\/fr\/wp-json\/wp\/v2\/comments?post=2804"}],"version-history":[{"count":7,"href":"https:\/\/stage.nuvucameras.com\/fr\/wp-json\/wp\/v2\/pages\/2804\/revisions"}],"predecessor-version":[{"id":3931,"href":"https:\/\/stage.nuvucameras.com\/fr\/wp-json\/wp\/v2\/pages\/2804\/revisions\/3931"}],"wp:attachment":[{"href":"https:\/\/stage.nuvucameras.com\/fr\/wp-json\/wp\/v2\/media?parent=2804"}],"curies":[{"name":"wp","href":"https:\/\/api.w.org\/{rel}","templated":true}]}}