{"id":2807,"date":"2024-01-18T11:32:27","date_gmt":"2024-01-18T15:32:27","guid":{"rendered":"https:\/\/stage.nuvucameras.com\/space-based-imaging-nuspace\/"},"modified":"2024-05-28T08:01:42","modified_gmt":"2024-05-28T12:01:42","slug":"imagerie-spatiale","status":"publish","type":"page","link":"https:\/\/stage.nuvucameras.com\/fr\/imagerie-spatiale\/","title":{"rendered":"Imagerie spatiale"},"content":{"rendered":"","protected":false},"excerpt":{"rendered":"","protected":false},"author":1,"featured_media":0,"parent":0,"menu_order":0,"comment_status":"closed","ping_status":"closed","template":"","meta":{"_acf_changed":false,"_seopress_robots_primary_cat":"","_seopress_titles_title":"Imagerie Spatiale | N\u00fcv\u00fc Cam\u0113ras","_seopress_titles_desc":"La technologie brevet\u00e9e de N\u00fcv\u00fc, int\u00e9gr\u00e9e \u00e0 des cam\u00e9ras et contr\u00f4leurs homologu\u00e9s pour usage spatial.","_seopress_robots_index":"","footnotes":""},"class_list":["post-2807","page","type-page","status-publish","hentry"],"acf":[],"_links":{"self":[{"href":"https:\/\/stage.nuvucameras.com\/fr\/wp-json\/wp\/v2\/pages\/2807","targetHints":{"allow":["GET"]}}],"collection":[{"href":"https:\/\/stage.nuvucameras.com\/fr\/wp-json\/wp\/v2\/pages"}],"about":[{"href":"https:\/\/stage.nuvucameras.com\/fr\/wp-json\/wp\/v2\/types\/page"}],"author":[{"embeddable":true,"href":"https:\/\/stage.nuvucameras.com\/fr\/wp-json\/wp\/v2\/users\/1"}],"replies":[{"embeddable":true,"href":"https:\/\/stage.nuvucameras.com\/fr\/wp-json\/wp\/v2\/comments?post=2807"}],"version-history":[{"count":5,"href":"https:\/\/stage.nuvucameras.com\/fr\/wp-json\/wp\/v2\/pages\/2807\/revisions"}],"predecessor-version":[{"id":3851,"href":"https:\/\/stage.nuvucameras.com\/fr\/wp-json\/wp\/v2\/pages\/2807\/revisions\/3851"}],"wp:attachment":[{"href":"https:\/\/stage.nuvucameras.com\/fr\/wp-json\/wp\/v2\/media?parent=2807"}],"curies":[{"name":"wp","href":"https:\/\/api.w.org\/{rel}","templated":true}]}}