{"id":2815,"date":"2024-01-18T12:09:13","date_gmt":"2024-01-18T16:09:13","guid":{"rendered":"https:\/\/stage.nuvucameras.com\/career\/"},"modified":"2024-08-07T12:53:15","modified_gmt":"2024-08-07T16:53:15","slug":"carriere","status":"publish","type":"page","link":"https:\/\/stage.nuvucameras.com\/fr\/carriere\/","title":{"rendered":"Carri\u00e8re"},"content":{"rendered":"","protected":false},"excerpt":{"rendered":"","protected":false},"author":1,"featured_media":0,"parent":0,"menu_order":0,"comment_status":"closed","ping_status":"closed","template":"","meta":{"_acf_changed":false,"_seopress_robots_primary_cat":"","_seopress_titles_title":"Carri\u00e8re | N\u00fcv\u00fc Cam\u0113ras","_seopress_titles_desc":"Vous d\u00e9sirez une carri\u00e8re motivante et riche en d\u00e9fis dans un domaine de pointe? Envoyez-nous votre curriculum vitae ainsi qu\u2019une lettre de motivation.","_seopress_robots_index":"","footnotes":""},"class_list":["post-2815","page","type-page","status-publish","hentry"],"acf":[],"_links":{"self":[{"href":"https:\/\/stage.nuvucameras.com\/fr\/wp-json\/wp\/v2\/pages\/2815","targetHints":{"allow":["GET"]}}],"collection":[{"href":"https:\/\/stage.nuvucameras.com\/fr\/wp-json\/wp\/v2\/pages"}],"about":[{"href":"https:\/\/stage.nuvucameras.com\/fr\/wp-json\/wp\/v2\/types\/page"}],"author":[{"embeddable":true,"href":"https:\/\/stage.nuvucameras.com\/fr\/wp-json\/wp\/v2\/users\/1"}],"replies":[{"embeddable":true,"href":"https:\/\/stage.nuvucameras.com\/fr\/wp-json\/wp\/v2\/comments?post=2815"}],"version-history":[{"count":10,"href":"https:\/\/stage.nuvucameras.com\/fr\/wp-json\/wp\/v2\/pages\/2815\/revisions"}],"predecessor-version":[{"id":4086,"href":"https:\/\/stage.nuvucameras.com\/fr\/wp-json\/wp\/v2\/pages\/2815\/revisions\/4086"}],"wp:attachment":[{"href":"https:\/\/stage.nuvucameras.com\/fr\/wp-json\/wp\/v2\/media?parent=2815"}],"curies":[{"name":"wp","href":"https:\/\/api.w.org\/{rel}","templated":true}]}}