{"id":2818,"date":"2024-01-18T13:55:56","date_gmt":"2024-01-18T17:55:56","guid":{"rendered":"https:\/\/stage.nuvucameras.com\/services\/"},"modified":"2024-04-18T16:30:27","modified_gmt":"2024-04-18T20:30:27","slug":"services","status":"publish","type":"page","link":"https:\/\/stage.nuvucameras.com\/fr\/services\/","title":{"rendered":"Services"},"content":{"rendered":"","protected":false},"excerpt":{"rendered":"","protected":false},"author":1,"featured_media":0,"parent":0,"menu_order":0,"comment_status":"closed","ping_status":"closed","template":"","meta":{"_acf_changed":false,"_seopress_robots_primary_cat":"","_seopress_titles_title":"Services | N\u00fcv\u00fc Cam\u0113ras","_seopress_titles_desc":"Profitez de notre expertise unique en imagerie ultrasensible \u00e0 faible flux lumineux pour vos projets autant au sol que dans l\u2019espace.","_seopress_robots_index":"","footnotes":""},"class_list":["post-2818","page","type-page","status-publish","hentry"],"acf":[],"_links":{"self":[{"href":"https:\/\/stage.nuvucameras.com\/fr\/wp-json\/wp\/v2\/pages\/2818","targetHints":{"allow":["GET"]}}],"collection":[{"href":"https:\/\/stage.nuvucameras.com\/fr\/wp-json\/wp\/v2\/pages"}],"about":[{"href":"https:\/\/stage.nuvucameras.com\/fr\/wp-json\/wp\/v2\/types\/page"}],"author":[{"embeddable":true,"href":"https:\/\/stage.nuvucameras.com\/fr\/wp-json\/wp\/v2\/users\/1"}],"replies":[{"embeddable":true,"href":"https:\/\/stage.nuvucameras.com\/fr\/wp-json\/wp\/v2\/comments?post=2818"}],"version-history":[{"count":1,"href":"https:\/\/stage.nuvucameras.com\/fr\/wp-json\/wp\/v2\/pages\/2818\/revisions"}],"predecessor-version":[{"id":2819,"href":"https:\/\/stage.nuvucameras.com\/fr\/wp-json\/wp\/v2\/pages\/2818\/revisions\/2819"}],"wp:attachment":[{"href":"https:\/\/stage.nuvucameras.com\/fr\/wp-json\/wp\/v2\/media?parent=2818"}],"curies":[{"name":"wp","href":"https:\/\/api.w.org\/{rel}","templated":true}]}}