{"id":2820,"date":"2024-01-23T09:38:50","date_gmt":"2024-01-23T13:38:50","guid":{"rendered":"https:\/\/stage.nuvucameras.com\/products\/"},"modified":"2024-04-18T16:19:28","modified_gmt":"2024-04-18T20:19:28","slug":"produits","status":"publish","type":"page","link":"https:\/\/stage.nuvucameras.com\/fr\/produits\/","title":{"rendered":"Produits"},"content":{"rendered":"","protected":false},"excerpt":{"rendered":"","protected":false},"author":1,"featured_media":0,"parent":0,"menu_order":0,"comment_status":"closed","ping_status":"closed","template":"","meta":{"_acf_changed":false,"_seopress_robots_primary_cat":"","_seopress_titles_title":"Produits | N\u00fcv\u00fc Cam\u0113ras","_seopress_titles_desc":"Faits pour la vitesse et la sensibilit\u00e9, au coeur de tous les CCD & EMCCD de N\u00fcv\u00fc est une \u00e9lectronique brevet\u00e9e, le contr\u00f4leur CCCP, qui permet d\u2019atteindre des performances in\u00e9gal\u00e9es.","_seopress_robots_index":"","footnotes":""},"class_list":["post-2820","page","type-page","status-publish","hentry"],"acf":[],"_links":{"self":[{"href":"https:\/\/stage.nuvucameras.com\/fr\/wp-json\/wp\/v2\/pages\/2820","targetHints":{"allow":["GET"]}}],"collection":[{"href":"https:\/\/stage.nuvucameras.com\/fr\/wp-json\/wp\/v2\/pages"}],"about":[{"href":"https:\/\/stage.nuvucameras.com\/fr\/wp-json\/wp\/v2\/types\/page"}],"author":[{"embeddable":true,"href":"https:\/\/stage.nuvucameras.com\/fr\/wp-json\/wp\/v2\/users\/1"}],"replies":[{"embeddable":true,"href":"https:\/\/stage.nuvucameras.com\/fr\/wp-json\/wp\/v2\/comments?post=2820"}],"version-history":[{"count":1,"href":"https:\/\/stage.nuvucameras.com\/fr\/wp-json\/wp\/v2\/pages\/2820\/revisions"}],"predecessor-version":[{"id":2821,"href":"https:\/\/stage.nuvucameras.com\/fr\/wp-json\/wp\/v2\/pages\/2820\/revisions\/2821"}],"wp:attachment":[{"href":"https:\/\/stage.nuvucameras.com\/fr\/wp-json\/wp\/v2\/media?parent=2820"}],"curies":[{"name":"wp","href":"https:\/\/api.w.org\/{rel}","templated":true}]}}