{"id":2822,"date":"2024-02-05T10:43:47","date_gmt":"2024-02-05T14:43:47","guid":{"rendered":"https:\/\/stage.nuvucameras.com\/applications\/"},"modified":"2024-04-18T16:18:18","modified_gmt":"2024-04-18T20:18:18","slug":"applications","status":"publish","type":"page","link":"https:\/\/stage.nuvucameras.com\/fr\/applications\/","title":{"rendered":"Applications"},"content":{"rendered":"","protected":false},"excerpt":{"rendered":"","protected":false},"author":1,"featured_media":0,"parent":0,"menu_order":0,"comment_status":"closed","ping_status":"closed","template":"","meta":{"_acf_changed":false,"_seopress_robots_primary_cat":"","_seopress_titles_title":"Domaines d'application | N\u00fcv\u00fc Cam\u0113ras","_seopress_titles_desc":"D\u00e9couvrez les diff\u00e9rents domaines dans lesquels les technologies avanc\u00e9es d'imagerie de N\u00fcv\u00fc Cam\u0113ra sont mises en utilisation.","_seopress_robots_index":"","footnotes":""},"class_list":["post-2822","page","type-page","status-publish","hentry"],"acf":[],"_links":{"self":[{"href":"https:\/\/stage.nuvucameras.com\/fr\/wp-json\/wp\/v2\/pages\/2822","targetHints":{"allow":["GET"]}}],"collection":[{"href":"https:\/\/stage.nuvucameras.com\/fr\/wp-json\/wp\/v2\/pages"}],"about":[{"href":"https:\/\/stage.nuvucameras.com\/fr\/wp-json\/wp\/v2\/types\/page"}],"author":[{"embeddable":true,"href":"https:\/\/stage.nuvucameras.com\/fr\/wp-json\/wp\/v2\/users\/1"}],"replies":[{"embeddable":true,"href":"https:\/\/stage.nuvucameras.com\/fr\/wp-json\/wp\/v2\/comments?post=2822"}],"version-history":[{"count":1,"href":"https:\/\/stage.nuvucameras.com\/fr\/wp-json\/wp\/v2\/pages\/2822\/revisions"}],"predecessor-version":[{"id":2823,"href":"https:\/\/stage.nuvucameras.com\/fr\/wp-json\/wp\/v2\/pages\/2822\/revisions\/2823"}],"wp:attachment":[{"href":"https:\/\/stage.nuvucameras.com\/fr\/wp-json\/wp\/v2\/media?parent=2822"}],"curies":[{"name":"wp","href":"https:\/\/api.w.org\/{rel}","templated":true}]}}